{"id":6885,"date":"2026-01-06T12:57:11","date_gmt":"2026-01-06T12:57:11","guid":{"rendered":"https:\/\/denfranskeskolevaernedamsvej.dk\/?page_id=6885"},"modified":"2026-01-06T13:42:10","modified_gmt":"2026-01-06T13:42:10","slug":"cookiedeklaration","status":"publish","type":"page","link":"https:\/\/denfranskeskolevaernedamsvej.dk\/en\/cookiedeklaration\/","title":{"rendered":"Cookie declaration"},"content":{"rendered":"<div data-elementor-type=\"wp-page\" data-elementor-id=\"6885\" class=\"elementor elementor-6885\" data-elementor-post-type=\"page\">\n\t\t\t\t\t\t<section class=\"elementor-section elementor-top-section elementor-element elementor-element-20d1184f elementor-section-stretched elementor-section-boxed elementor-section-height-default elementor-section-height-default\" data-id=\"20d1184f\" data-element_type=\"section\" data-e-type=\"section\" data-settings=\"{&quot;stretch_section&quot;:&quot;section-stretched&quot;,&quot;background_background&quot;:&quot;classic&quot;}\">\n\t\t\t\t\t\t<div class=\"elementor-container elementor-column-gap-default\">\n\t\t\t\t\t<div class=\"elementor-column elementor-col-100 elementor-top-column elementor-element elementor-element-2bb33003\" data-id=\"2bb33003\" data-element_type=\"column\" data-e-type=\"column\">\n\t\t\t<div class=\"elementor-widget-wrap elementor-element-populated\">\n\t\t\t\t\t\t<div class=\"elementor-element elementor-element-e32f75f elementor-widget elementor-widget-heading\" data-id=\"e32f75f\" data-element_type=\"widget\" data-e-type=\"widget\" data-widget_type=\"heading.default\">\n\t\t\t\t<div class=\"elementor-widget-container\">\n\t\t\t\t\t<div class=\"decor\"><span class=\"dot\"><\/span><\/div><h2 class=\"elementor-heading-title elementor-size-default\">Cookie declaration<\/h2>\t\t\t\t<\/div>\n\t\t\t\t<\/div>\n\t\t\t\t<div class=\"elementor-element elementor-element-6d63b2a elementor-widget elementor-widget-text-editor\" data-id=\"6d63b2a\" data-element_type=\"widget\" data-e-type=\"widget\" data-widget_type=\"text-editor.default\">\n\t\t\t\t<div class=\"elementor-widget-container\">\n\t\t\t\t\t        <div class=\"elementor-text-editor elementor-clearfix\"><p><em>The cookie declaration is displayed in the language of your browser.<\/em><\/p><\/div>\n        \t\t\t\t<\/div>\n\t\t\t\t<\/div>\n\t\t\t\t<div class=\"elementor-element elementor-element-2c95e49 elementor-widget elementor-widget-html\" data-id=\"2c95e49\" data-element_type=\"widget\" data-e-type=\"widget\" data-widget_type=\"html.default\">\n\t\t\t\t<div class=\"elementor-widget-container\">\n\t\t\t\t\t<script id=\"CookieDeclaration\" src=\"https:\/\/consent.cookiebot.com\/78ca5287-9763-4f0e-8e2f-fa31fab3e890\/cd.js\" type=\"text\/javascript\" async><\/script>\t\t\t\t<\/div>\n\t\t\t\t<\/div>\n\t\t\t\t\t<\/div>\n\t\t<\/div>\n\t\t\t\t\t<\/div>\n\t\t<\/section>\n\t\t\t\t<\/div>","protected":false},"excerpt":{"rendered":"<p>Cookiedeklaration Cookiedeklarationen vises p\u00e5 det sprog, som din browser er indstillet til.<\/p>","protected":false},"author":1,"featured_media":0,"parent":0,"menu_order":0,"comment_status":"closed","ping_status":"closed","template":"page-elementor.php","meta":{"inline_featured_image":false,"footnotes":""},"class_list":["post-6885","page","type-page","status-publish","hentry"],"yoast_head":"<!-- This site is optimized with the Yoast SEO plugin v27.3 - https:\/\/yoast.com\/product\/yoast-seo-wordpress\/ -->\n<title>Cookiedeklaration - Den Franske Skole p\u00e5 V\u00e6rnedamsvej<\/title>\n<meta name=\"robots\" content=\"index, follow, max-snippet:-1, max-image-preview:large, max-video-preview:-1\" \/>\n<link rel=\"canonical\" href=\"https:\/\/denfranskeskolevaernedamsvej.dk\/en\/cookiedeklaration\/\" \/>\n<meta property=\"og:locale\" content=\"en_GB\" \/>\n<meta property=\"og:type\" content=\"article\" \/>\n<meta property=\"og:title\" content=\"Cookiedeklaration - Den Franske Skole p\u00e5 V\u00e6rnedamsvej\" \/>\n<meta property=\"og:description\" content=\"Cookiedeklaration Cookiedeklarationen vises p\u00e5 det sprog, som din browser er indstillet til.\" \/>\n<meta property=\"og:url\" content=\"https:\/\/denfranskeskolevaernedamsvej.dk\/en\/cookiedeklaration\/\" \/>\n<meta property=\"og:site_name\" content=\"Den Franske Skole p\u00e5 V\u00e6rnedamsvej\" \/>\n<meta property=\"article:modified_time\" content=\"2026-01-06T13:42:10+00:00\" \/>\n<meta name=\"twitter:card\" content=\"summary_large_image\" \/>\n<meta name=\"twitter:label1\" content=\"Estimated reading time\" \/>\n\t<meta name=\"twitter:data1\" content=\"2 minutes\" \/>\n<script type=\"application\/ld+json\" class=\"yoast-schema-graph\">{\"@context\":\"https:\\\/\\\/schema.org\",\"@graph\":[{\"@type\":\"WebPage\",\"@id\":\"https:\\\/\\\/denfranskeskolevaernedamsvej.dk\\\/cookiedeklaration\\\/\",\"url\":\"https:\\\/\\\/denfranskeskolevaernedamsvej.dk\\\/cookiedeklaration\\\/\",\"name\":\"Cookiedeklaration - Den Franske Skole p\u00e5 V\u00e6rnedamsvej\",\"isPartOf\":{\"@id\":\"https:\\\/\\\/denfranskeskolevaernedamsvej.dk\\\/#website\"},\"datePublished\":\"2026-01-06T12:57:11+00:00\",\"dateModified\":\"2026-01-06T13:42:10+00:00\",\"breadcrumb\":{\"@id\":\"https:\\\/\\\/denfranskeskolevaernedamsvej.dk\\\/cookiedeklaration\\\/#breadcrumb\"},\"inLanguage\":\"en-GB\",\"potentialAction\":[{\"@type\":\"ReadAction\",\"target\":[\"https:\\\/\\\/denfranskeskolevaernedamsvej.dk\\\/cookiedeklaration\\\/\"]}]},{\"@type\":\"BreadcrumbList\",\"@id\":\"https:\\\/\\\/denfranskeskolevaernedamsvej.dk\\\/cookiedeklaration\\\/#breadcrumb\",\"itemListElement\":[{\"@type\":\"ListItem\",\"position\":1,\"name\":\"Home\",\"item\":\"https:\\\/\\\/denfranskeskolevaernedamsvej.dk\\\/\"},{\"@type\":\"ListItem\",\"position\":2,\"name\":\"Cookiedeklaration\"}]},{\"@type\":\"WebSite\",\"@id\":\"https:\\\/\\\/denfranskeskolevaernedamsvej.dk\\\/#website\",\"url\":\"https:\\\/\\\/denfranskeskolevaernedamsvej.dk\\\/\",\"name\":\"Den Franske Skole p\u00e5 V\u00e6rnedamsvej\",\"description\":\"Hotel og boliger p\u00e5 Frederiksberg\",\"publisher\":{\"@id\":\"https:\\\/\\\/denfranskeskolevaernedamsvej.dk\\\/#organization\"},\"potentialAction\":[{\"@type\":\"SearchAction\",\"target\":{\"@type\":\"EntryPoint\",\"urlTemplate\":\"https:\\\/\\\/denfranskeskolevaernedamsvej.dk\\\/?s={search_term_string}\"},\"query-input\":{\"@type\":\"PropertyValueSpecification\",\"valueRequired\":true,\"valueName\":\"search_term_string\"}}],\"inLanguage\":\"en-GB\"},{\"@type\":\"Organization\",\"@id\":\"https:\\\/\\\/denfranskeskolevaernedamsvej.dk\\\/#organization\",\"name\":\"Den Franske Skole p\u00e5 V\u00e6rnedamsvej\",\"alternateName\":\"Hotel og Boliger p\u00e5 Frederiksberg\",\"url\":\"https:\\\/\\\/denfranskeskolevaernedamsvej.dk\\\/\",\"logo\":{\"@type\":\"ImageObject\",\"inLanguage\":\"en-GB\",\"@id\":\"https:\\\/\\\/denfranskeskolevaernedamsvej.dk\\\/#\\\/schema\\\/logo\\\/image\\\/\",\"url\":\"https:\\\/\\\/denfranskeskolevaernedamsvej.dk\\\/wp-content\\\/uploads\\\/2024\\\/09\\\/cropped-favicon_franskeskole.png\",\"contentUrl\":\"https:\\\/\\\/denfranskeskolevaernedamsvej.dk\\\/wp-content\\\/uploads\\\/2024\\\/09\\\/cropped-favicon_franskeskole.png\",\"width\":512,\"height\":512,\"caption\":\"Den Franske Skole p\u00e5 V\u00e6rnedamsvej\"},\"image\":{\"@id\":\"https:\\\/\\\/denfranskeskolevaernedamsvej.dk\\\/#\\\/schema\\\/logo\\\/image\\\/\"}}]}<\/script>\n<!-- \/ Yoast SEO plugin. -->","yoast_head_json":{"title":"Cookiedeklaration - Den Franske Skole p\u00e5 V\u00e6rnedamsvej","robots":{"index":"index","follow":"follow","max-snippet":"max-snippet:-1","max-image-preview":"max-image-preview:large","max-video-preview":"max-video-preview:-1"},"canonical":"https:\/\/denfranskeskolevaernedamsvej.dk\/en\/cookiedeklaration\/","og_locale":"en_GB","og_type":"article","og_title":"Cookiedeklaration - Den Franske Skole p\u00e5 V\u00e6rnedamsvej","og_description":"Cookiedeklaration Cookiedeklarationen vises p\u00e5 det sprog, som din browser er indstillet til.","og_url":"https:\/\/denfranskeskolevaernedamsvej.dk\/en\/cookiedeklaration\/","og_site_name":"Den Franske Skole p\u00e5 V\u00e6rnedamsvej","article_modified_time":"2026-01-06T13:42:10+00:00","twitter_card":"summary_large_image","twitter_misc":{"Estimated reading time":"2 minutes"},"schema":{"@context":"https:\/\/schema.org","@graph":[{"@type":"WebPage","@id":"https:\/\/denfranskeskolevaernedamsvej.dk\/cookiedeklaration\/","url":"https:\/\/denfranskeskolevaernedamsvej.dk\/cookiedeklaration\/","name":"Cookiedeklaration - Den Franske Skole p\u00e5 V\u00e6rnedamsvej","isPartOf":{"@id":"https:\/\/denfranskeskolevaernedamsvej.dk\/#website"},"datePublished":"2026-01-06T12:57:11+00:00","dateModified":"2026-01-06T13:42:10+00:00","breadcrumb":{"@id":"https:\/\/denfranskeskolevaernedamsvej.dk\/cookiedeklaration\/#breadcrumb"},"inLanguage":"en-GB","potentialAction":[{"@type":"ReadAction","target":["https:\/\/denfranskeskolevaernedamsvej.dk\/cookiedeklaration\/"]}]},{"@type":"BreadcrumbList","@id":"https:\/\/denfranskeskolevaernedamsvej.dk\/cookiedeklaration\/#breadcrumb","itemListElement":[{"@type":"ListItem","position":1,"name":"Home","item":"https:\/\/denfranskeskolevaernedamsvej.dk\/"},{"@type":"ListItem","position":2,"name":"Cookiedeklaration"}]},{"@type":"WebSite","@id":"https:\/\/denfranskeskolevaernedamsvej.dk\/#website","url":"https:\/\/denfranskeskolevaernedamsvej.dk\/","name":"The French School at V\u00e6rnedamsvej","description":"Hotel and housing in Frederiksberg","publisher":{"@id":"https:\/\/denfranskeskolevaernedamsvej.dk\/#organization"},"potentialAction":[{"@type":"SearchAction","target":{"@type":"EntryPoint","urlTemplate":"https:\/\/denfranskeskolevaernedamsvej.dk\/?s={search_term_string}"},"query-input":{"@type":"PropertyValueSpecification","valueRequired":true,"valueName":"search_term_string"}}],"inLanguage":"en-GB"},{"@type":"Organization","@id":"https:\/\/denfranskeskolevaernedamsvej.dk\/#organization","name":"The French School at V\u00e6rnedamsvej","alternateName":"Hotel og Boliger p\u00e5 Frederiksberg","url":"https:\/\/denfranskeskolevaernedamsvej.dk\/","logo":{"@type":"ImageObject","inLanguage":"en-GB","@id":"https:\/\/denfranskeskolevaernedamsvej.dk\/#\/schema\/logo\/image\/","url":"https:\/\/denfranskeskolevaernedamsvej.dk\/wp-content\/uploads\/2024\/09\/cropped-favicon_franskeskole.png","contentUrl":"https:\/\/denfranskeskolevaernedamsvej.dk\/wp-content\/uploads\/2024\/09\/cropped-favicon_franskeskole.png","width":512,"height":512,"caption":"Den Franske Skole p\u00e5 V\u00e6rnedamsvej"},"image":{"@id":"https:\/\/denfranskeskolevaernedamsvej.dk\/#\/schema\/logo\/image\/"}}]}},"_links":{"self":[{"href":"https:\/\/denfranskeskolevaernedamsvej.dk\/en\/wp-json\/wp\/v2\/pages\/6885","targetHints":{"allow":["GET"]}}],"collection":[{"href":"https:\/\/denfranskeskolevaernedamsvej.dk\/en\/wp-json\/wp\/v2\/pages"}],"about":[{"href":"https:\/\/denfranskeskolevaernedamsvej.dk\/en\/wp-json\/wp\/v2\/types\/page"}],"author":[{"embeddable":true,"href":"https:\/\/denfranskeskolevaernedamsvej.dk\/en\/wp-json\/wp\/v2\/users\/1"}],"replies":[{"embeddable":true,"href":"https:\/\/denfranskeskolevaernedamsvej.dk\/en\/wp-json\/wp\/v2\/comments?post=6885"}],"version-history":[{"count":7,"href":"https:\/\/denfranskeskolevaernedamsvej.dk\/en\/wp-json\/wp\/v2\/pages\/6885\/revisions"}],"predecessor-version":[{"id":6906,"href":"https:\/\/denfranskeskolevaernedamsvej.dk\/en\/wp-json\/wp\/v2\/pages\/6885\/revisions\/6906"}],"wp:attachment":[{"href":"https:\/\/denfranskeskolevaernedamsvej.dk\/en\/wp-json\/wp\/v2\/media?parent=6885"}],"curies":[{"name":"wp","href":"https:\/\/api.w.org\/{rel}","templated":true}]}}